{"id":10252,"date":"2026-05-11T20:56:56","date_gmt":"2026-05-11T20:56:56","guid":{"rendered":"https:\/\/wellons.com\/conditions\/"},"modified":"2026-05-14T20:28:01","modified_gmt":"2026-05-14T20:28:01","slug":"conditions","status":"publish","type":"page","link":"https:\/\/wellons.com\/fr\/conditions\/","title":{"rendered":"Conditions"},"content":{"rendered":"\t\t<div data-elementor-type=\"wp-page\" data-elementor-id=\"10252\" class=\"elementor elementor-10252 elementor-10220\" data-elementor-post-type=\"page\">\n\t\t\t\t\t\t<section class=\"elementor-section elementor-top-section elementor-element elementor-element-4b76a7c9 elementor-section-content-middle elementor-section-stretched elementor-reverse-mobile elementor-section-boxed elementor-section-height-default elementor-section-height-default\" data-id=\"4b76a7c9\" data-element_type=\"section\" data-e-type=\"section\" data-settings=\"{&quot;stretch_section&quot;:&quot;section-stretched&quot;,&quot;background_background&quot;:&quot;classic&quot;}\">\n\t\t\t\t\t\t<div class=\"elementor-container elementor-column-gap-no\">\n\t\t\t\t\t<div class=\"elementor-column elementor-col-100 elementor-top-column elementor-element elementor-element-1c775009\" data-id=\"1c775009\" data-element_type=\"column\" data-e-type=\"column\">\n\t\t\t<div class=\"elementor-widget-wrap elementor-element-populated\">\n\t\t\t\t\t\t<div class=\"elementor-element elementor-element-e7544f1 elementor-widget elementor-widget-spacer\" data-id=\"e7544f1\" data-element_type=\"widget\" data-e-type=\"widget\" data-widget_type=\"spacer.default\">\n\t\t\t\t<div class=\"elementor-widget-container\">\n\t\t\t\t\t\t\t<div class=\"elementor-spacer\">\n\t\t\t<div class=\"elementor-spacer-inner\"><\/div>\n\t\t<\/div>\n\t\t\t\t\t\t<\/div>\n\t\t\t\t<\/div>\n\t\t\t\t<div class=\"elementor-element elementor-element-1618e3b elementor-align-center elementor-icon-list--layout-traditional elementor-list-item-link-full_width elementor-widget elementor-widget-icon-list\" data-id=\"1618e3b\" data-element_type=\"widget\" data-e-type=\"widget\" data-widget_type=\"icon-list.default\">\n\t\t\t\t<div class=\"elementor-widget-container\">\n\t\t\t\t\t\t\t<ul class=\"elementor-icon-list-items\">\n\t\t\t\t\t\t\t<li class=\"elementor-icon-list-item\">\n\t\t\t\t\t\t\t\t\t\t<span class=\"elementor-icon-list-text\"><h1>Conditions g\u00e9n\u00e9rales d'utilisation<\/h1><\/span>\n\t\t\t\t\t\t\t\t\t<\/li>\n\t\t\t\t\t\t<\/ul>\n\t\t\t\t\t\t<\/div>\n\t\t\t\t<\/div>\n\t\t\t\t<div class=\"elementor-element elementor-element-a5bfe96 elementor-widget elementor-widget-spacer\" data-id=\"a5bfe96\" data-element_type=\"widget\" data-e-type=\"widget\" data-widget_type=\"spacer.default\">\n\t\t\t\t<div class=\"elementor-widget-container\">\n\t\t\t\t\t\t\t<div class=\"elementor-spacer\">\n\t\t\t<div class=\"elementor-spacer-inner\"><\/div>\n\t\t<\/div>\n\t\t\t\t\t\t<\/div>\n\t\t\t\t<\/div>\n\t\t\t\t<div class=\"elementor-element elementor-element-2ed5eac elementor-widget elementor-widget-heading\" data-id=\"2ed5eac\" data-element_type=\"widget\" data-e-type=\"widget\" data-widget_type=\"heading.default\">\n\t\t\t\t<div class=\"elementor-widget-container\">\n\t\t\t\t\t<h2 class=\"elementor-heading-title elementor-size-default\">CONDITIONS G\u00c9N\u00c9RALES DE VENTE<\/h2>\t\t\t\t<\/div>\n\t\t\t\t<\/div>\n\t\t\t\t<div class=\"elementor-element elementor-element-5852d370 elementor-widget elementor-widget-text-editor\" data-id=\"5852d370\" data-element_type=\"widget\" data-e-type=\"widget\" data-widget_type=\"text-editor.default\">\n\t\t\t\t<div class=\"elementor-widget-container\">\n\t\t\t\t\t\t\t\t\t<p>Toutes les propositions, devis et contrats relatifs aux produits et services fournis par Wellons sont soumis aux Conditions g\u00e9n\u00e9rales de vente de Wellons ci-dessous, applicables au pays dans lequel les marchandises sont achet\u00e9es. En soumettant un bon de commande, en passant une commande, en acceptant une proposition ou un devis, en donnant instruction \u00e0 Wellons de commencer les travaux, le client reconna\u00eet, accepte et s&#8217;engage \u00e0 \u00eatre li\u00e9 par les pr\u00e9sentes Conditions g\u00e9n\u00e9rales de vente, sauf si un autre accord \u00e9crit pr\u00e9alable a \u00e9t\u00e9 conclu entre Wellons et l&#8217;Acheteur. utilis\u00e9 comme combustible pour produire de l&#8217;\u00e9nergie v\u00e9g\u00e9tale.<\/p><ul><li><a href=\"http:\/\/wellons.com\/wp-content\/uploads\/2026\/05\/2025-02-Terms-and-Conditions-of-Sale-\u2013-U.S.pdf\" target=\"_blank\" rel=\"noopener\">Conditions g\u00e9n\u00e9rales de vente (US) (anglais)<\/a><\/li><li><a href=\"http:\/\/wellons.com\/wp-content\/uploads\/2026\/05\/2025-02-Terms-and-Conditions-of-Sale-Parts-Service-\u2013-U.S.pdf\" target=\"_blank\" rel=\"noopener\">Conditions g\u00e9n\u00e9rales de vente Pi\u00e8ces et service (US) (anglais)<\/a><\/li><li><a href=\"http:\/\/wellons.com\/wp-content\/uploads\/2026\/05\/2025-02-Terms-and-Conditions-of-Sale-\u2013-Canada-English.pdf\" target=\"_blank\" rel=\"noopener\">Conditions g\u00e9n\u00e9rales de vente &#8211; Canada (anglais)<\/a><\/li><li><a href=\"http:\/\/wellons.com\/wp-content\/uploads\/2026\/05\/2025-02-Terms-and-Conditions-of-Sale-\u2013-Canada-Francais.pdf\" target=\"_blank\" rel=\"noopener\">Les conditions g\u00e9n\u00e9rales de vente (CGV) &#8211; Canada (English)<\/a><\/li><li><a href=\"http:\/\/wellons.com\/wp-content\/uploads\/2026\/05\/2025-02-Terms-and-Conditions-of-Sale-\u2013-Quebec-Francais.pdf\" target=\"_blank\" rel=\"noopener\">Les conditions g\u00e9n\u00e9rales de vente (CGV) &#8211; Qu\u00e9bec (Fran\u00e7ais)<\/a><\/li><\/ul>\t\t\t\t\t\t\t\t<\/div>\n\t\t\t\t<\/div>\n\t\t\t\t<div class=\"elementor-element elementor-element-05f6572 elementor-widget elementor-widget-spacer\" data-id=\"05f6572\" data-element_type=\"widget\" data-e-type=\"widget\" data-widget_type=\"spacer.default\">\n\t\t\t\t<div class=\"elementor-widget-container\">\n\t\t\t\t\t\t\t<div class=\"elementor-spacer\">\n\t\t\t<div class=\"elementor-spacer-inner\"><\/div>\n\t\t<\/div>\n\t\t\t\t\t\t<\/div>\n\t\t\t\t<\/div>\n\t\t\t\t<div class=\"elementor-element elementor-element-855d2fe elementor-widget elementor-widget-heading\" data-id=\"855d2fe\" data-element_type=\"widget\" data-e-type=\"widget\" data-widget_type=\"heading.default\">\n\t\t\t\t<div class=\"elementor-widget-container\">\n\t\t\t\t\t<h2 class=\"elementor-heading-title elementor-size-default\">CONDITIONS G\u00c9N\u00c9RALES DES BONS DE COMMANDE<\/h2>\t\t\t\t<\/div>\n\t\t\t\t<\/div>\n\t\t\t\t<div class=\"elementor-element elementor-element-d0956ac elementor-widget elementor-widget-text-editor\" data-id=\"d0956ac\" data-element_type=\"widget\" data-e-type=\"widget\" data-widget_type=\"text-editor.default\">\n\t\t\t\t<div class=\"elementor-widget-container\">\n\t\t\t\t\t\t\t\t\t<p>Tous les achats de biens et de services effectu\u00e9s par Wellons sont express\u00e9ment soumis aux conditions g\u00e9n\u00e9rales d&#8217;achat de Wellons. Le d\u00e9but des travaux, l&#8217;exp\u00e9dition des marchandises, la prestation de services ou toute autre ex\u00e9cution par un fournisseur ou un vendeur en r\u00e9ponse \u00e0 un bon de commande de Wellons vaut acceptation dudit bon de commande et de toutes les conditions qui y sont stipul\u00e9es. Cette acceptation est express\u00e9ment limit\u00e9e aux conditions g\u00e9n\u00e9rales \u00e9nonc\u00e9es dans le bon de commande Wellons applicable. Toute condition suppl\u00e9mentaire, incompatible ou divergente propos\u00e9e par le vendeur ou le fournisseur est par la pr\u00e9sente rejet\u00e9e et n&#8217;aura aucune force ni effet, sauf accord \u00e9crit expr\u00e8s de Wellons. Si un bon de commande de Wellons est consid\u00e9r\u00e9 comme une acceptation d&#8217;une offre ant\u00e9rieure, cette acceptation est express\u00e9ment limit\u00e9e aux conditions \u00e9nonc\u00e9es dans le bon de commande.<\/p><ul><li><a href=\"http:\/\/wellons.com\/wp-content\/uploads\/2026\/05\/2025-02-Terms-and-Conditions-of-Purchase-US-English.pdf\" target=\"_blank\" rel=\"noopener\">Conditions g\u00e9n\u00e9rales d&#8217;achat (US) (anglais)<\/a><\/li><\/ul><ul><li><a href=\"http:\/\/wellons.com\/wp-content\/uploads\/2026\/05\/2025-02-Terms-and-Conditions-of-Purchase-Canada-English.pdf\" target=\"_blank\" rel=\"noopener\">Conditions g\u00e9n\u00e9rales d&#8217;achat (Canada) (anglais)<\/a><\/li><li><a href=\"http:\/\/wellons.com\/wp-content\/uploads\/2026\/05\/2025-02-Terms-and-Conditions-of-Sale-\u2013-Quebec-Francais.pdf\" target=\"_blank\" rel=\"noopener\">Conditions G\u00e9n\u00e9rales du Bon de Commande (Quebec) (Fran\u00e7ais)<\/a><\/li><\/ul>\t\t\t\t\t\t\t\t<\/div>\n\t\t\t\t<\/div>\n\t\t\t\t<div class=\"elementor-element elementor-element-173e09d0 elementor-hidden-phone elementor-widget elementor-widget-spacer\" data-id=\"173e09d0\" data-element_type=\"widget\" data-e-type=\"widget\" data-widget_type=\"spacer.default\">\n\t\t\t\t<div class=\"elementor-widget-container\">\n\t\t\t\t\t\t\t<div class=\"elementor-spacer\">\n\t\t\t<div class=\"elementor-spacer-inner\"><\/div>\n\t\t<\/div>\n\t\t\t\t\t\t<\/div>\n\t\t\t\t<\/div>\n\t\t\t\t<div class=\"elementor-element elementor-element-766223ff elementor-widget-divider--view-line elementor-widget elementor-widget-divider\" data-id=\"766223ff\" data-element_type=\"widget\" data-e-type=\"widget\" data-widget_type=\"divider.default\">\n\t\t\t\t<div class=\"elementor-widget-container\">\n\t\t\t\t\t\t\t<div class=\"elementor-divider\">\n\t\t\t<span class=\"elementor-divider-separator\">\n\t\t\t\t\t\t<\/span>\n\t\t<\/div>\n\t\t\t\t\t\t<\/div>\n\t\t\t\t<\/div>\n\t\t\t\t<div class=\"elementor-element elementor-element-299e189 elementor-widget elementor-widget-spacer\" data-id=\"299e189\" data-element_type=\"widget\" data-e-type=\"widget\" data-widget_type=\"spacer.default\">\n\t\t\t\t<div class=\"elementor-widget-container\">\n\t\t\t\t\t\t\t<div class=\"elementor-spacer\">\n\t\t\t<div class=\"elementor-spacer-inner\"><\/div>\n\t\t<\/div>\n\t\t\t\t\t\t<\/div>\n\t\t\t\t<\/div>\n\t\t\t\t\t<\/div>\n\t\t<\/div>\n\t\t\t\t\t<\/div>\n\t\t<\/section>\n\t\t\t\t<\/div>\n\t\t","protected":false},"excerpt":{"rendered":"<p>Conditions g\u00e9n\u00e9rales d&#8217;utilisation CONDITIONS G\u00c9N\u00c9RALES DE VENTE Toutes les propositions, devis et contrats relatifs aux produits et services fournis par Wellons sont soumis aux Conditions g\u00e9n\u00e9rales de vente de Wellons ci-dessous, applicables au pays dans lequel les marchandises sont achet\u00e9es. En soumettant un bon de commande, en passant une commande, en acceptant une proposition ou&hellip; <a class=\"more-link\" href=\"https:\/\/wellons.com\/fr\/conditions\/\">Poursuivre la lecture <span class=\"screen-reader-text\">Conditions<\/span><\/a><\/p>\n","protected":false},"author":1,"featured_media":0,"parent":0,"menu_order":0,"comment_status":"closed","ping_status":"closed","template":"","meta":{"nf_dc_page":"","_monsterinsights_skip_tracking":false,"_monsterinsights_sitenote_active":false,"_monsterinsights_sitenote_note":"","_monsterinsights_sitenote_category":0,"footnotes":""},"class_list":["post-10252","page","type-page","status-publish","hentry","entry"],"aioseo_notices":[],"_links":{"self":[{"href":"https:\/\/wellons.com\/fr\/wp-json\/wp\/v2\/pages\/10252","targetHints":{"allow":["GET"]}}],"collection":[{"href":"https:\/\/wellons.com\/fr\/wp-json\/wp\/v2\/pages"}],"about":[{"href":"https:\/\/wellons.com\/fr\/wp-json\/wp\/v2\/types\/page"}],"author":[{"embeddable":true,"href":"https:\/\/wellons.com\/fr\/wp-json\/wp\/v2\/users\/1"}],"replies":[{"embeddable":true,"href":"https:\/\/wellons.com\/fr\/wp-json\/wp\/v2\/comments?post=10252"}],"version-history":[{"count":2,"href":"https:\/\/wellons.com\/fr\/wp-json\/wp\/v2\/pages\/10252\/revisions"}],"predecessor-version":[{"id":10260,"href":"https:\/\/wellons.com\/fr\/wp-json\/wp\/v2\/pages\/10252\/revisions\/10260"}],"wp:attachment":[{"href":"https:\/\/wellons.com\/fr\/wp-json\/wp\/v2\/media?parent=10252"}],"curies":[{"name":"wp","href":"https:\/\/api.w.org\/{rel}","templated":true}]}}